{"id":1232,"date":"2023-05-17T10:01:08","date_gmt":"2023-05-17T10:01:08","guid":{"rendered":"https:\/\/institutotecnologicoempresarial.com\/opcion3\/?page_id=1232"},"modified":"2023-06-14T18:00:33","modified_gmt":"2023-06-14T18:00:33","slug":"historia","status":"publish","type":"page","link":"https:\/\/institutotecnologicoempresarial.com\/opcion3\/historia\/","title":{"rendered":"Somos"},"content":{"rendered":"\n<h2 class=\"gb-headline gb-headline-58ea0171 gb-headline-text\">Historia<\/h2>\n\n\n\n<h5 class=\"gb-headline gb-headline-db8a15ef gb-headline-text\">1779 &#8211; Nacimiento de la Fundadora<\/h5>\n\n\n\n<p class=\"has-contrast-color has-text-color\">Nace <strong>Ana M\u00aa Javouhey<\/strong> fundadora de las Religiosas de San Jose de Cluny. Hija de una familia numerosa y muy cristiana.<\/p>\n\n\n\n<h5 class=\"gb-headline gb-headline-bfdd51ad gb-headline-text\">1789 &#8211; \u00c9poca de revoluciones<\/h5>\n\n\n\n<p class=\"has-contrast-color has-text-color\">Comienza la Revoluci\u00f3n Francesa. Ana M\u00aa tiene 10 a\u00f1os y ser\u00e1 la primera de las tres revoluciones que vivir\u00e1. La siguiente ser\u00e1 la de 1830 y la tercera entre estas dos, la revoluci\u00f3n que emprender\u00e1 ella misma:<\/p>\n\n\n\n<ul class=\"wp-block-list\">\n<li>La del amor a Dios y a los hermanos;<\/li>\n\n\n\n<li>La de la fidelidad a su Voluntad y a la Iglesia<\/li>\n\n\n\n<li>La de la entrega incondicional a todos y sin distinci\u00f3n de razas y culturas.<\/li>\n<\/ul>\n\n\n\n<h5 class=\"wp-block-heading\">1812 &#8211; Un hogar llamado Cluny<\/h5>\n\n\n\n<p class=\"has-contrast-color has-text-color\">Se establecen en Cluny, en la regi\u00f3n de la Borgo\u00f1a. A partir de entonces ser\u00e1n las <strong>Hermanas de San Jos\u00e9 de Cluny<\/strong>. Tres a\u00f1os despu\u00e9s empiezan su expansi\u00f3n abriendo la primera casa en el norte de Par\u00eds.<\/p>\n\n\n\n<h5 class=\"wp-block-heading\">1817 &#8211; Vocaci\u00f3n Misionera Mundial<\/h5>\n\n\n\n<p class=\"has-contrast-color has-text-color\">Se concreta su <strong>vocaci\u00f3n misionera &#8216;ad extra&#8217;<\/strong>. La Congregaci\u00f3n llega a tener presencia en pa\u00edses como: Islas Reuni\u00f3n, Senegal, Sierra Leona, Gambia, Guayana Francesa, Martinica, Trinidad y Tobago, Tahit\u00ed, Islas Marquesas o Madagascar, entre otros.<\/p>\n\n\n\n<h5 class=\"wp-block-heading\">1903 &#8211; Llegada a Espa\u00f1a<\/h5>\n\n\n\n<p class=\"has-contrast-color has-text-color\">El 23 de noviembre de 1903, las religiosas francesas de San Jos\u00e9 de Cluny llegaron a <strong>Madrid<\/strong>.<\/p>\n\n\n\n<h5 class=\"wp-block-heading\">1904 &#8211; Entrada en Vigo<\/h5>\n\n\n\n<p class=\"has-contrast-color has-text-color\">Las primeras Hermanas de San Jos\u00e9 de Cluny llegaron a Vigo en 1904, aloj\u00e1ndose primero en un piso de la Calle Real y traslad\u00e1ndose, al cabo de dos a\u00f1os, a Garc\u00eda Barb\u00f3n.<\/p>\n\n\n\n<h5 class=\"wp-block-heading\">1905 &#8211; Abre el Colegio Pozuelo de Alarc\u00f3n<\/h5>\n\n\n\n<p class=\"has-contrast-color has-text-color\">Las Hermanas de San Jose de Cluny compran una finca en Pozuelo de Alarc\u00f3n y abren un Colegio internado. Se cerr\u00f3 moment\u00e1neamente en la \u00e9poca de los incendios de iglesias y conventos. En 1940 se emprende con valor y riesgo la reconstrucci\u00f3n del inmueble de Pozuelo y en 1943 tiene lugar la reapertura del Colegio en el mismo edificio; en \u00e9l se imparte cultura general, ense\u00f1anza primaria y algunas de las alumnas estudian bachillerato, pero examin\u00e1ndose en el Instituto.<\/p>\n\n\n\n<h5 class=\"wp-block-heading\">1947 &#8211; Apertura residencia universitaria en Santiago de Compostela<\/h5>\n\n\n\n<p class=\"has-contrast-color has-text-color\">Abre la Congregaci\u00f3n, en 1947, una Residencia Universitaria, para atender a las estudiantes de otras poblaciones y ofrecerles acogida, y un ambiente sano y cristiano. A\u00f1os despu\u00e9s, se cre\u00f3 una Escuela unitaria que, con la Ley de Villar Palas\u00ed, se convirti\u00f3 en Colegio de E.G.B.<\/p>\n\n\n\n<h5 class=\"wp-block-heading\">1953 &#8211; Llegada a Novelda<\/h5>\n\n\n\n<p class=\"has-contrast-color has-text-color\">Ese a\u00f1o el curso acad\u00e9mico se inici\u00f3 solo con ciclo elemental, pero pronto se abri\u00f3 habilitando aulas para la educaci\u00f3n secundaria de las chicas. As\u00ed, el segundo a\u00f1o en la localidad ya asist\u00edan a sus instalaciones alumnas de 8 a 15 a\u00f1os, que no solo se formaban a nivel intelectual, sino en un completo desarrollo arm\u00f3nico.<\/p>\n\n\n\n<h5 class=\"wp-block-heading\">2007 &#8211; Bicentenario de la Congregaci\u00f3n<\/h5>\n\n\n\n<p class=\"has-contrast-color has-text-color\">Gracias a la Madre Ana Mar\u00eda despu\u00e9s de 200 a\u00f1os, cerca de 3.000 religiosas est\u00e1n presentes en los cinco continentes del mundo.<\/p>\n\n\n\n<p class=\"has-contrast-color has-text-color\">Somos una Congregaci\u00f3n joven, que desarrolla su labor en diferentes ciudades de nuestro pa\u00eds. Con estos enlaces te invitamos a conocer otras realidades, alejadas en el mapa, pero pr\u00f3ximas en su raz\u00f3n de ser, la educaci\u00f3n: cercana y de calidad, que parte del coraz\u00f3n.<\/p>\n\n\n\n<ul class=\"wp-block-list\">\n<li><strong><a href=\"http:\/\/www.clunypozuelo.es\" target=\"_blank\" rel=\"noreferrer noopener\">Pozuelo de Alarc\u00f3n<\/a><\/strong> (Madrid)<\/li>\n\n\n\n<li><strong><a href=\"http:\/\/www.clunyvillaamil.es\" target=\"_blank\" rel=\"noreferrer noopener\">Madrid<\/a><\/strong><\/li>\n\n\n\n<li><a href=\"https:\/\/clunyvigo.es\" target=\"_blank\" rel=\"noreferrer noopener\"><strong>Vigo<\/strong> <\/a>(Galicia)<\/li>\n\n\n\n<li><strong><a href=\"http:\/\/www.clunynovelda.es\">Novelda<\/a><\/strong> (Alicante)<\/li>\n\n\n\n<li><strong><a href=\"http:\/\/www.clunysantiago.es\">Santiago de Compostela<\/a><\/strong> (Galicia)<\/li>\n<\/ul>\n","protected":false},"excerpt":{"rendered":"<p>Historia 1779 &#8211; Nacimiento de la Fundadora Nace Ana M\u00aa Javouhey fundadora de las Religiosas de San Jose de Cluny. Hija de una familia numerosa y muy cristiana. 1789 &#8211; \u00c9poca de revoluciones Comienza la Revoluci\u00f3n Francesa. Ana M\u00aa tiene 10 a\u00f1os y ser\u00e1 la primera de las tres revoluciones que vivir\u00e1. La siguiente ser\u00e1 &#8230; <a title=\"Somos\" class=\"read-more\" href=\"https:\/\/institutotecnologicoempresarial.com\/opcion3\/historia\/\" aria-label=\"M\u00e1s en Somos\">Leer m\u00e1s<\/a><\/p>\n","protected":false},"author":1,"featured_media":1387,"parent":0,"menu_order":0,"comment_status":"closed","ping_status":"closed","template":"","meta":{"footnotes":""},"class_list":["post-1232","page","type-page","status-publish","has-post-thumbnail"],"_links":{"self":[{"href":"https:\/\/institutotecnologicoempresarial.com\/opcion3\/wp-json\/wp\/v2\/pages\/1232","targetHints":{"allow":["GET"]}}],"collection":[{"href":"https:\/\/institutotecnologicoempresarial.com\/opcion3\/wp-json\/wp\/v2\/pages"}],"about":[{"href":"https:\/\/institutotecnologicoempresarial.com\/opcion3\/wp-json\/wp\/v2\/types\/page"}],"author":[{"embeddable":true,"href":"https:\/\/institutotecnologicoempresarial.com\/opcion3\/wp-json\/wp\/v2\/users\/1"}],"replies":[{"embeddable":true,"href":"https:\/\/institutotecnologicoempresarial.com\/opcion3\/wp-json\/wp\/v2\/comments?post=1232"}],"version-history":[{"count":3,"href":"https:\/\/institutotecnologicoempresarial.com\/opcion3\/wp-json\/wp\/v2\/pages\/1232\/revisions"}],"predecessor-version":[{"id":1734,"href":"https:\/\/institutotecnologicoempresarial.com\/opcion3\/wp-json\/wp\/v2\/pages\/1232\/revisions\/1734"}],"wp:featuredmedia":[{"embeddable":true,"href":"https:\/\/institutotecnologicoempresarial.com\/opcion3\/wp-json\/wp\/v2\/media\/1387"}],"wp:attachment":[{"href":"https:\/\/institutotecnologicoempresarial.com\/opcion3\/wp-json\/wp\/v2\/media?parent=1232"}],"curies":[{"name":"wp","href":"https:\/\/api.w.org\/{rel}","templated":true}]}}