{"id":1908,"date":"2025-01-07T17:02:33","date_gmt":"2025-01-07T17:02:33","guid":{"rendered":"https:\/\/institutotecnologicoempresarial.com\/opcion3\/?page_id=1908"},"modified":"2025-01-22T12:21:35","modified_gmt":"2025-01-22T12:21:35","slug":"ciclo-basico-informatica-y-comunicaciones","status":"publish","type":"page","link":"https:\/\/institutotecnologicoempresarial.com\/opcion3\/ciclo-basico-informatica-y-comunicaciones\/","title":{"rendered":"Ciclo B\u00e1sico Inform\u00e1tica y Comunicaciones"},"content":{"rendered":"\n<h2 class=\"wp-block-heading\">\u00bfQu\u00e9 aprendes a hacer en este Ciclo B\u00e1sico de Inform\u00e1tica?<\/h2>\n\n\n\n<p class=\"has-contrast-color has-text-color\">En un mundo cada vez m\u00e1s conectado, el <strong>Ciclo B\u00e1sico de Inform\u00e1tica y Comunicaciones<\/strong> es la puerta de entrada ideal para descubrir y desarrollar tus habilidades en tecnolog\u00eda. Este programa est\u00e1 dise\u00f1ado para introducirte a los fundamentos de la inform\u00e1tica y las comunicaciones, proporcionando las bases s\u00f3lidas que necesitas para avanzar en el apasionante \u00e1mbito digital.<\/p>\n\n\n\n<p class=\"has-contrast-color has-text-color\">Aprender\u00e1s a realizar operaciones auxiliares de montaje e mantenimiento de sistemas microinform\u00e1ticos, perif\u00e9ricos y redes de comunicaci\u00f3n de datos, as\u00ed como de equipamientos el\u00e9ctricos y electr\u00f3nicos, operando con la calidad indicada y actuando en condiciones de seguridad y de protecci\u00f3n ambiental, con responsabilidad e iniciativa personal.<\/p>\n\n\n\n<h2 class=\"wp-block-heading\">\u00bfEn qu\u00e9 \u00e1reas trabajas con este CICLO B\u00e1sico?<\/h2>\n\n\n\n<p class=\"has-contrast-color has-text-color\">Actividades por cuenta ajena en empresas dedicadas a la comercializaci\u00f3n, al montaje, al mantenimiento e la reparaci\u00f3n de sistemas microinform\u00e1ticos y de equipamientos el\u00e9ctricos o electr\u00f3nicos, as\u00ed como en empresas que utilicen sistemas inform\u00e1ticos, para su gesti\u00f3n.<\/p>\n\n\n\n<p><\/p>\n\n\n\n<h2 class=\"wp-block-heading\">\u00bfQu\u00e9 ocupaciones se realizan con este t\u00edtulo de Formaci\u00f3n Profesional?<\/h2>\n\n\n\n<p class=\"has-contrast-color has-text-color\">Ayudante de montador\/a de antenas receptoras de televisi\u00f3n y sat\u00e9lite; ayudante de instalador\/a y reparador\/a de equipos telef\u00f3nicos y telegr\u00e1ficos; ayudante de instalador\/a de equipos y sistemas de comunicaci\u00f3n; ayudante de instalador\/a y reparador\/a de instalaciones telef\u00f3nicas; ayudante de montador\/a de sistemas microinform\u00e1ticos; ayudante de mantenimiento de sistemas inform\u00e1ticos; ayudante de instalador\/a de sistemas inform\u00e1ticos; ayudante de instalador\/a de sistemas para transmisi\u00f3n de datos; operador\/a de ensamblaje de equipos el\u00e9ctricos y electr\u00f3nicos; auxiliar de mantenimiento de equipos el\u00e9ctricos y electr\u00f3nicos; probador\/a ajustador\/a de placas y equipos el\u00e9ctricos y electr\u00f3nicos; montador\/a de componentes en placas de circuito impreso.<\/p>\n\n\n\n<h2 class=\"wp-block-heading\">Para estudiar este Ciclo B\u00e1sico necesitas:<\/h2>\n\n\n\n<ul class=\"wp-block-list\">\n<li>Tener 15 o 16 a\u00f1os cumplidos en el a\u00f1o de inicio del ciclo formativo.<\/li>\n\n\n\n<li>Haber cursado al menos el tercer curso o, excepcionalmente y a criterio del equipo docente y el responsable de orientaci\u00f3n del centro, el segundo curso de E.S.O.<em> (Con edad de escolarizaci\u00f3n obligatoria)<\/em><\/li>\n\n\n\n<li>Ser objeto de propuesta o solicitar por petici\u00f3n propia, junto con sus padres o tutores legales, la incorporaci\u00f3n a un ciclo formativo de grado b\u00e1sico. <em>(Con edad de escolarizaci\u00f3n obligatoria)<\/em><\/li>\n\n\n\n<li>Que cumpla 17, 18, 19 o 20 a\u00f1os en el a\u00f1o de inicio del ciclo formativo, con independencia de que estuviesen o no escolarizados en el curso escolar anterior.<em> (Con edad de escolarizaci\u00f3n no obligatoria)<\/em><\/li>\n<\/ul>\n\n\n\n<h2 class=\"wp-block-heading\">M\u00f3dulos del Ciclo B\u00e1sico Inform\u00e1tica y Comunicaciones:<\/h2>\n\n\n\n<figure class=\"wp-block-table is-style-stripes\"><table class=\"has-contrast-color has-contrast-4-background-color has-text-color has-background\"><thead><tr><th class=\"has-text-align-center\" data-align=\"center\">Curso<\/th><th class=\"has-text-align-center\" data-align=\"center\">C\u00f3digo<\/th><th>M\u00f3dulo Profesional<\/th><th class=\"has-text-align-center\" data-align=\"center\">Horas<\/th><th class=\"has-text-align-center\" data-align=\"center\">Periodos semanales<\/th><\/tr><\/thead><tbody><tr><td class=\"has-text-align-center\" data-align=\"center\">1\u00ba<\/td><td class=\"has-text-align-center\" data-align=\"center\">AM3009<\/td><td>Ciencias aplicadas I<\/td><td class=\"has-text-align-center\" data-align=\"center\">144<\/td><td class=\"has-text-align-center\" data-align=\"center\">5<\/td><\/tr><tr><td class=\"has-text-align-center\" data-align=\"center\">1\u00ba<\/td><td class=\"has-text-align-center\" data-align=\"center\">AM3011<\/td><td>Comunicaci\u00f3n y ciencias sociales I<\/td><td class=\"has-text-align-center\" data-align=\"center\">175<\/td><td class=\"has-text-align-center\" data-align=\"center\">6<\/td><\/tr><tr><td class=\"has-text-align-center\" data-align=\"center\">1\u00ba<\/td><td class=\"has-text-align-center\" data-align=\"center\">MP3015<\/td><td><strong>Equipamientos el\u00e9ctricos y electr\u00f3nicos<\/strong><\/td><td class=\"has-text-align-center\" data-align=\"center\">233<\/td><td class=\"has-text-align-center\" data-align=\"center\">8<\/td><\/tr><tr><td class=\"has-text-align-center\" data-align=\"center\">1\u00ba<\/td><td class=\"has-text-align-center\" data-align=\"center\">MP3159<\/td><td><strong>Itinerario personal para la empleabilidad b\u00e1sico<\/strong><\/td><td class=\"has-text-align-center\" data-align=\"center\">62<\/td><td class=\"has-text-align-center\" data-align=\"center\">2<\/td><\/tr><tr><td class=\"has-text-align-center\" data-align=\"center\">1\u00ba<\/td><td class=\"has-text-align-center\" data-align=\"center\">MP3029<\/td><td><strong>Montaje y mantenimiento de sistemas y componentes inform\u00e1ticos<\/strong><\/td><td class=\"has-text-align-center\" data-align=\"center\">296<\/td><td class=\"has-text-align-center\" data-align=\"center\">10<\/td><\/tr><tr><td class=\"has-text-align-center\" data-align=\"center\">2\u00ba<\/td><td class=\"has-text-align-center\" data-align=\"center\">AM3010<\/td><td>Ciencias aplicadas II<\/td><td class=\"has-text-align-center\" data-align=\"center\">162<\/td><td class=\"has-text-align-center\" data-align=\"center\">7<\/td><\/tr><tr><td class=\"has-text-align-center\" data-align=\"center\">2\u00ba<\/td><td class=\"has-text-align-center\" data-align=\"center\">AM3012<\/td><td>Comunicaci\u00f3n y ciencias sociales II<\/td><td class=\"has-text-align-center\" data-align=\"center\">135<\/td><td class=\"has-text-align-center\" data-align=\"center\">6<\/td><\/tr><tr><td class=\"has-text-align-center\" data-align=\"center\">2\u00ba<\/td><td class=\"has-text-align-center\" data-align=\"center\">MP3032<\/td><td><strong>Formaci\u00f3n en centros de trabajo.<\/strong><\/td><td class=\"has-text-align-center\" data-align=\"center\">320<\/td><td class=\"has-text-align-center\" data-align=\"center\"><\/td><\/tr><tr><td class=\"has-text-align-center\" data-align=\"center\">2\u00ba<\/td><td class=\"has-text-align-center\" data-align=\"center\">MP3016<\/td><td><strong>Instalaci\u00f3n y mantenimiento de redes para transmisi\u00f3n de datos.<\/strong><\/td><td class=\"has-text-align-center\" data-align=\"center\">206<\/td><td class=\"has-text-align-center\" data-align=\"center\">9<\/td><\/tr><tr><td class=\"has-text-align-center\" data-align=\"center\">2\u00ba<\/td><td class=\"has-text-align-center\" data-align=\"center\">MP3030<\/td><td><strong>Operaciones auxiliares para la configuraci\u00f3n y la explotaci\u00f3n.<\/strong><\/td><td class=\"has-text-align-center\" data-align=\"center\">205<\/td><td class=\"has-text-align-center\" data-align=\"center\">9<\/td><\/tr><\/tbody><\/table><figcaption class=\"wp-element-caption\">En el primer curso se dedican 35 horas a tutor\u00eda, en segundo 27 horas.<br><\/figcaption><\/figure>\n\n\n\n<h2 class=\"gb-headline gb-headline-d7006a9c gb-headline-text\">Pedir informaci\u00f3n para el Ciclo B\u00e1sico:<\/h2>\n\n\n\n<div class=\"wp-block-contact-form-7-contact-form-selector\">\n<div class=\"wpcf7 no-js\" id=\"wpcf7-f1972-o1\" lang=\"es-ES\" dir=\"ltr\">\n<div class=\"screen-reader-response\"><p role=\"status\" aria-live=\"polite\" aria-atomic=\"true\"><\/p> <ul><\/ul><\/div>\n<form action=\"\/opcion3\/wp-json\/wp\/v2\/pages\/1908#wpcf7-f1972-o1\" method=\"post\" class=\"wpcf7-form init\" aria-label=\"Formulario de contacto\" novalidate=\"novalidate\" data-status=\"init\">\n<div style=\"display: none;\">\n<input type=\"hidden\" name=\"_wpcf7\" value=\"1972\" \/>\n<input type=\"hidden\" name=\"_wpcf7_version\" value=\"5.7.7\" \/>\n<input type=\"hidden\" name=\"_wpcf7_locale\" value=\"es_ES\" \/>\n<input type=\"hidden\" name=\"_wpcf7_unit_tag\" value=\"wpcf7-f1972-o1\" \/>\n<input type=\"hidden\" name=\"_wpcf7_container_post\" value=\"0\" \/>\n<input type=\"hidden\" name=\"_wpcf7_posted_data_hash\" value=\"\" \/>\n<\/div>\n<p><label> Nombre<br \/>\n<span class=\"wpcf7-form-control-wrap\" data-name=\"your-name\"><input size=\"40\" class=\"wpcf7-form-control wpcf7-text wpcf7-validates-as-required\" autocomplete=\"name\" aria-required=\"true\" aria-invalid=\"false\" value=\"\" type=\"text\" name=\"your-name\" \/><\/span> <\/label>\n<\/p>\n<p><label> Email<br \/>\n<span class=\"wpcf7-form-control-wrap\" data-name=\"your-email\"><input size=\"40\" class=\"wpcf7-form-control wpcf7-text wpcf7-email wpcf7-validates-as-required wpcf7-validates-as-email\" autocomplete=\"email\" aria-required=\"true\" aria-invalid=\"false\" value=\"\" type=\"email\" name=\"your-email\" \/><\/span> <\/label>\n<\/p>\n<p><label> Tel\u00e9fono<br \/>\n<span class=\"wpcf7-form-control-wrap\" data-name=\"Telfono\"><input size=\"40\" class=\"wpcf7-form-control wpcf7-text wpcf7-tel wpcf7-validates-as-required wpcf7-validates-as-tel\" aria-required=\"true\" aria-invalid=\"false\" value=\"\" type=\"tel\" name=\"Telfono\" \/><\/span><\/label>\n<\/p>\n<p><label> Mensaje (opcional)<br \/>\n<span class=\"wpcf7-form-control-wrap\" data-name=\"your-message\"><textarea cols=\"40\" rows=\"10\" class=\"wpcf7-form-control wpcf7-textarea\" aria-invalid=\"false\" name=\"your-message\"><\/textarea><\/span> <\/label>\n<\/p>\n<p><input class=\"wpcf7-form-control has-spinner wpcf7-submit\" type=\"submit\" value=\"Pedir m\u00e1s informaci\u00f3n\" \/>\n<\/p><div class=\"wpcf7-response-output\" aria-hidden=\"true\"><\/div>\n<\/form>\n<\/div>\n<\/div>\n","protected":false},"excerpt":{"rendered":"<p>\u00bfQu\u00e9 aprendes a hacer en este Ciclo B\u00e1sico de Inform\u00e1tica? En un mundo cada vez m\u00e1s conectado, el Ciclo B\u00e1sico de Inform\u00e1tica y Comunicaciones es la puerta de entrada ideal para descubrir y desarrollar tus habilidades en tecnolog\u00eda. Este programa est\u00e1 dise\u00f1ado para introducirte a los fundamentos de la inform\u00e1tica y las comunicaciones, proporcionando las &#8230; <a title=\"Ciclo B\u00e1sico Inform\u00e1tica y Comunicaciones\" class=\"read-more\" href=\"https:\/\/institutotecnologicoempresarial.com\/opcion3\/ciclo-basico-informatica-y-comunicaciones\/\" aria-label=\"M\u00e1s en Ciclo B\u00e1sico Inform\u00e1tica y Comunicaciones\">Leer m\u00e1s<\/a><\/p>\n","protected":false},"author":1,"featured_media":1914,"parent":0,"menu_order":0,"comment_status":"closed","ping_status":"closed","template":"","meta":{"footnotes":""},"class_list":["post-1908","page","type-page","status-publish","has-post-thumbnail"],"_links":{"self":[{"href":"https:\/\/institutotecnologicoempresarial.com\/opcion3\/wp-json\/wp\/v2\/pages\/1908","targetHints":{"allow":["GET"]}}],"collection":[{"href":"https:\/\/institutotecnologicoempresarial.com\/opcion3\/wp-json\/wp\/v2\/pages"}],"about":[{"href":"https:\/\/institutotecnologicoempresarial.com\/opcion3\/wp-json\/wp\/v2\/types\/page"}],"author":[{"embeddable":true,"href":"https:\/\/institutotecnologicoempresarial.com\/opcion3\/wp-json\/wp\/v2\/users\/1"}],"replies":[{"embeddable":true,"href":"https:\/\/institutotecnologicoempresarial.com\/opcion3\/wp-json\/wp\/v2\/comments?post=1908"}],"version-history":[{"count":2,"href":"https:\/\/institutotecnologicoempresarial.com\/opcion3\/wp-json\/wp\/v2\/pages\/1908\/revisions"}],"predecessor-version":[{"id":1973,"href":"https:\/\/institutotecnologicoempresarial.com\/opcion3\/wp-json\/wp\/v2\/pages\/1908\/revisions\/1973"}],"wp:featuredmedia":[{"embeddable":true,"href":"https:\/\/institutotecnologicoempresarial.com\/opcion3\/wp-json\/wp\/v2\/media\/1914"}],"wp:attachment":[{"href":"https:\/\/institutotecnologicoempresarial.com\/opcion3\/wp-json\/wp\/v2\/media?parent=1908"}],"curies":[{"name":"wp","href":"https:\/\/api.w.org\/{rel}","templated":true}]}}