{"id":31,"date":"2021-11-27T22:40:35","date_gmt":"2021-11-27T22:40:35","guid":{"rendered":"https:\/\/plumber-gp.wordifysites.com\/?page_id=31"},"modified":"2025-01-07T17:40:25","modified_gmt":"2025-01-07T17:40:25","slug":"services","status":"publish","type":"page","link":"https:\/\/institutotecnologicoempresarial.com\/opcion3\/services\/","title":{"rendered":"Servicios extraordinarios CICLOS CALASANCIAS"},"content":{"rendered":"<section class=\"gb-container gb-container-713c0e7a\">\n\n<h2 class=\"gb-headline gb-headline-1274d019\"><span class=\"gb-icon\"><svg xmlns=\"http:\/\/www.w3.org\/2000\/svg\" width=\"16\" height=\"16\" class=\"bi bi-dash\" viewBox=\"0 0 16 16\">   <path d=\"M4 8a.5.5 0 0 1 .5-.5h7a.5.5 0 0 1 0 1h-7A.5.5 0 0 1 4 8z\"><\/path> <\/svg><\/span><span class=\"gb-headline-text\">actividades extraordinarias que ofrece nuestro centro<\/span><\/h2>\n\n\n\n<p class=\"gb-headline gb-headline-d99fbab7 gb-headline-text\">La adaptaci\u00f3n a la caracter\u00edsticas de un alumno para conseguir un mayor nivel de obtenci\u00f3n de \u00e9xito es fundamental en cualquier centro educativo, estas actividades extraordinarias son algunas de las que proponemos a todos nuestros alumnos, pero si tienes alguna necesidad espec\u00edfica no dudes en solicitarla, estamos a tu disposici\u00f3n.<\/p>\n\n<\/section>\n\n<section class=\"gb-container gb-container-c1e212bf\">\n<div class=\"gb-container gb-container-4abfe38a\"><\/div>\n\n<div class=\"gb-container gb-container-b3c31a6f\">\n\n<h2 class=\"gb-headline gb-headline-7985734e gb-headline-text\">Orientaci\u00f3n Laboral<\/h2>\n\n\n\n<p class=\"has-contrast-2-color has-text-color\" style=\"font-size:18px\"><strong>En CALASANCIAS, nuestra prioridad es tu \u00e9xito profesional. Conf\u00eda en nosotros para impulsar tu carrera y alcanzar tus metas laborales. \u00a1Juntos lo lograremos!<\/strong><\/p>\n\n\n\n<p class=\"has-contrast-2-color has-text-color\">Sabemos que al finalizar tus dos a\u00f1os de formaci\u00f3n en nuestros ciclos formativos, tu principal objetivo es asegurar una inserci\u00f3n laboral exitosa. Por eso, ponemos a tu disposici\u00f3n un equipo de personas dedicados a asesorarte y guiarte en el proceso de b\u00fasqueda de empleo.<\/p>\n\n\n\n<p class=\"gb-headline gb-headline-dd29b475\"><span class=\"gb-icon\"><svg viewBox=\"0 0 16 16\" class=\"bi bi-check2-square\" height=\"16\" width=\"16\" xmlns=\"http:\/\/www.w3.org\/2000\/svg\">   <path d=\"M3 14.5A1.5 1.5 0 0 1 1.5 13V3A1.5 1.5 0 0 1 3 1.5h8a.5.5 0 0 1 0 1H3a.5.5 0 0 0-.5.5v10a.5.5 0 0 0 .5.5h10a.5.5 0 0 0 .5-.5V8a.5.5 0 0 1 1 0v5a1.5 1.5 0 0 1-1.5 1.5H3z\"><\/path>   <path d=\"m8.354 10.354 7-7a.5.5 0 0 0-.708-.708L8 9.293 5.354 6.646a.5.5 0 1 0-.708.708l3 3a.5.5 0 0 0 .708 0z\"><\/path> <\/svg><\/span><span class=\"gb-headline-text\">Asesoramiento personalizado<\/span><\/p>\n\n\n\n<p class=\"gb-headline gb-headline-577c16af\"><span class=\"gb-icon\"><svg viewBox=\"0 0 16 16\" class=\"bi bi-check2-square\" height=\"16\" width=\"16\" xmlns=\"http:\/\/www.w3.org\/2000\/svg\">   <path d=\"M3 14.5A1.5 1.5 0 0 1 1.5 13V3A1.5 1.5 0 0 1 3 1.5h8a.5.5 0 0 1 0 1H3a.5.5 0 0 0-.5.5v10a.5.5 0 0 0 .5.5h10a.5.5 0 0 0 .5-.5V8a.5.5 0 0 1 1 0v5a1.5 1.5 0 0 1-1.5 1.5H3z\"><\/path>   <path d=\"m8.354 10.354 7-7a.5.5 0 0 0-.708-.708L8 9.293 5.354 6.646a.5.5 0 1 0-.708.708l3 3a.5.5 0 0 0 .708 0z\"><\/path> <\/svg><\/span><span class=\"gb-headline-text\">Elaboraci\u00f3n de CV y perfil personalizado.<\/span><\/p>\n\n\n\n<p class=\"gb-headline gb-headline-1285c212\"><span class=\"gb-icon\"><svg viewBox=\"0 0 16 16\" class=\"bi bi-check2-square\" height=\"16\" width=\"16\" xmlns=\"http:\/\/www.w3.org\/2000\/svg\">   <path d=\"M3 14.5A1.5 1.5 0 0 1 1.5 13V3A1.5 1.5 0 0 1 3 1.5h8a.5.5 0 0 1 0 1H3a.5.5 0 0 0-.5.5v10a.5.5 0 0 0 .5.5h10a.5.5 0 0 0 .5-.5V8a.5.5 0 0 1 1 0v5a1.5 1.5 0 0 1-1.5 1.5H3z\"><\/path>   <path d=\"m8.354 10.354 7-7a.5.5 0 0 0-.708-.708L8 9.293 5.354 6.646a.5.5 0 1 0-.708.708l3 3a.5.5 0 0 0 .708 0z\"><\/path> <\/svg><\/span><span class=\"gb-headline-text\">Entrenamiento para entrevistas.<\/span><\/p>\n\n\n\n<p class=\"gb-headline gb-headline-0df4986f\"><span class=\"gb-icon\"><svg viewBox=\"0 0 16 16\" class=\"bi bi-check2-square\" height=\"16\" width=\"16\" xmlns=\"http:\/\/www.w3.org\/2000\/svg\">   <path d=\"M3 14.5A1.5 1.5 0 0 1 1.5 13V3A1.5 1.5 0 0 1 3 1.5h8a.5.5 0 0 1 0 1H3a.5.5 0 0 0-.5.5v10a.5.5 0 0 0 .5.5h10a.5.5 0 0 0 .5-.5V8a.5.5 0 0 1 1 0v5a1.5 1.5 0 0 1-1.5 1.5H3z\"><\/path>   <path d=\"m8.354 10.354 7-7a.5.5 0 0 0-.708-.708L8 9.293 5.354 6.646a.5.5 0 1 0-.708.708l3 3a.5.5 0 0 0 .708 0z\"><\/path> <\/svg><\/span><span class=\"gb-headline-text\">Acceso a ofertas laborales.<\/span><\/p>\n\n<\/div>\n<\/section>\n\n<section class=\"gb-container gb-container-45e97c79\">\n<div class=\"gb-container gb-container-1233a894\">\n\n<h2 class=\"gb-headline gb-headline-7fc92367 gb-headline-text\">Orientaci\u00f3n Pedag\u00f3gica<\/h2>\n\n\n\n<p class=\"has-contrast-2-color has-text-color\" style=\"font-size:18px\"><strong>En Ciclos del CALASANCIAS, entendemos que la educaci\u00f3n es un camino lleno de oportunidades y desaf\u00edos. <\/strong><\/p>\n\n\n\n<p class=\"has-contrast-2-color has-text-color\">Nuestro equipo de expertos en pedagog\u00eda est\u00e1 aqu\u00ed para brindarte el apoyo necesario en tu camino educativo. Entendemos que cada estudiante es \u00fanico, con sus propias habilidades y desaf\u00edos, y es por eso que nuestra orientaci\u00f3n pedag\u00f3gica se adapta a tus necesidades individuales.<\/p>\n\n\n\n<p class=\"gb-headline gb-headline-836652db\"><span class=\"gb-icon\"><svg viewBox=\"0 0 16 16\" class=\"bi bi-check2-square\" height=\"16\" width=\"16\" xmlns=\"http:\/\/www.w3.org\/2000\/svg\">   <path d=\"M3 14.5A1.5 1.5 0 0 1 1.5 13V3A1.5 1.5 0 0 1 3 1.5h8a.5.5 0 0 1 0 1H3a.5.5 0 0 0-.5.5v10a.5.5 0 0 0 .5.5h10a.5.5 0 0 0 .5-.5V8a.5.5 0 0 1 1 0v5a1.5 1.5 0 0 1-1.5 1.5H3z\"><\/path>   <path d=\"m8.354 10.354 7-7a.5.5 0 0 0-.708-.708L8 9.293 5.354 6.646a.5.5 0 1 0-.708.708l3 3a.5.5 0 0 0 .708 0z\"><\/path> <\/svg><\/span><span class=\"gb-headline-text\">Evaluaci\u00f3n y diagn\u00f3stico.<\/span><\/p>\n\n\n\n<p class=\"gb-headline gb-headline-88b7f5b1\"><span class=\"gb-icon\"><svg viewBox=\"0 0 16 16\" class=\"bi bi-check2-square\" height=\"16\" width=\"16\" xmlns=\"http:\/\/www.w3.org\/2000\/svg\">   <path d=\"M3 14.5A1.5 1.5 0 0 1 1.5 13V3A1.5 1.5 0 0 1 3 1.5h8a.5.5 0 0 1 0 1H3a.5.5 0 0 0-.5.5v10a.5.5 0 0 0 .5.5h10a.5.5 0 0 0 .5-.5V8a.5.5 0 0 1 1 0v5a1.5 1.5 0 0 1-1.5 1.5H3z\"><\/path>   <path d=\"m8.354 10.354 7-7a.5.5 0 0 0-.708-.708L8 9.293 5.354 6.646a.5.5 0 1 0-.708.708l3 3a.5.5 0 0 0 .708 0z\"><\/path> <\/svg><\/span><span class=\"gb-headline-text\">Asesoramiento en planificaci\u00f3n educativa.<\/span><\/p>\n\n\n\n<p class=\"gb-headline gb-headline-43007dac\"><span class=\"gb-icon\"><svg viewBox=\"0 0 16 16\" class=\"bi bi-check2-square\" height=\"16\" width=\"16\" xmlns=\"http:\/\/www.w3.org\/2000\/svg\">   <path d=\"M3 14.5A1.5 1.5 0 0 1 1.5 13V3A1.5 1.5 0 0 1 3 1.5h8a.5.5 0 0 1 0 1H3a.5.5 0 0 0-.5.5v10a.5.5 0 0 0 .5.5h10a.5.5 0 0 0 .5-.5V8a.5.5 0 0 1 1 0v5a1.5 1.5 0 0 1-1.5 1.5H3z\"><\/path>   <path d=\"m8.354 10.354 7-7a.5.5 0 0 0-.708-.708L8 9.293 5.354 6.646a.5.5 0 1 0-.708.708l3 3a.5.5 0 0 0 .708 0z\"><\/path> <\/svg><\/span><span class=\"gb-headline-text\">Estrategias de aprendizaje personalizadas.<\/span><\/p>\n\n\n\n<p class=\"gb-headline gb-headline-f3dc50d2\"><span class=\"gb-icon\"><svg viewBox=\"0 0 16 16\" class=\"bi bi-check2-square\" height=\"16\" width=\"16\" xmlns=\"http:\/\/www.w3.org\/2000\/svg\">   <path d=\"M3 14.5A1.5 1.5 0 0 1 1.5 13V3A1.5 1.5 0 0 1 3 1.5h8a.5.5 0 0 1 0 1H3a.5.5 0 0 0-.5.5v10a.5.5 0 0 0 .5.5h10a.5.5 0 0 0 .5-.5V8a.5.5 0 0 1 1 0v5a1.5 1.5 0 0 1-1.5 1.5H3z\"><\/path>   <path d=\"m8.354 10.354 7-7a.5.5 0 0 0-.708-.708L8 9.293 5.354 6.646a.5.5 0 1 0-.708.708l3 3a.5.5 0 0 0 .708 0z\"><\/path> <\/svg><\/span><span class=\"gb-headline-text\">Apoyo emocional y motivacional.<\/span><\/p>\n\n<\/div>\n\n<div class=\"gb-container gb-container-6f0ef2d4\"><\/div>\n<\/section>\n\n<section class=\"gb-container gb-container-3a2f6edc\">\n<div class=\"gb-container gb-container-a222f2f1\"><\/div>\n\n<div class=\"gb-container gb-container-a0d4ee5a\">\n\n<h2 class=\"gb-headline gb-headline-f1f1ca61 gb-headline-text\">Preparaci\u00f3n certificaciones Ingl\u00e9s<\/h2>\n\n\n\n<p class=\"has-contrast-2-color has-text-color\" style=\"font-size:18px\"><strong>Sabemos que las certificaciones en ingl\u00e9s  son un requisito clave en muchos campos profesionales.<\/strong><\/p>\n\n\n\n<p class=\"has-contrast-2-color has-text-color\">Nuestros docentes te brindar\u00e1n las herramientas y la confianza necesaria para obtener las certificaciones internacionales que te har\u00e1n destacar en el mercado laboral globalizado.<\/p>\n\n\n\n<p class=\"gb-headline gb-headline-4d854223\"><span class=\"gb-icon\"><svg viewBox=\"0 0 16 16\" class=\"bi bi-check2-square\" height=\"16\" width=\"16\" xmlns=\"http:\/\/www.w3.org\/2000\/svg\">   <path d=\"M3 14.5A1.5 1.5 0 0 1 1.5 13V3A1.5 1.5 0 0 1 3 1.5h8a.5.5 0 0 1 0 1H3a.5.5 0 0 0-.5.5v10a.5.5 0 0 0 .5.5h10a.5.5 0 0 0 .5-.5V8a.5.5 0 0 1 1 0v5a1.5 1.5 0 0 1-1.5 1.5H3z\"><\/path>   <path d=\"m8.354 10.354 7-7a.5.5 0 0 0-.708-.708L8 9.293 5.354 6.646a.5.5 0 1 0-.708.708l3 3a.5.5 0 0 0 .708 0z\"><\/path> <\/svg><\/span><span class=\"gb-headline-text\">Evaluaci\u00f3n inicial.<\/span><\/p>\n\n\n\n<p class=\"gb-headline gb-headline-469471cf\"><span class=\"gb-icon\"><svg viewBox=\"0 0 16 16\" class=\"bi bi-check2-square\" height=\"16\" width=\"16\" xmlns=\"http:\/\/www.w3.org\/2000\/svg\">   <path d=\"M3 14.5A1.5 1.5 0 0 1 1.5 13V3A1.5 1.5 0 0 1 3 1.5h8a.5.5 0 0 1 0 1H3a.5.5 0 0 0-.5.5v10a.5.5 0 0 0 .5.5h10a.5.5 0 0 0 .5-.5V8a.5.5 0 0 1 1 0v5a1.5 1.5 0 0 1-1.5 1.5H3z\"><\/path>   <path d=\"m8.354 10.354 7-7a.5.5 0 0 0-.708-.708L8 9.293 5.354 6.646a.5.5 0 1 0-.708.708l3 3a.5.5 0 0 0 .708 0z\"><\/path> <\/svg><\/span><span class=\"gb-headline-text\">Clases din\u00e1micas.<\/span><\/p>\n\n\n\n<p class=\"gb-headline gb-headline-4cc8f920\"><span class=\"gb-icon\"><svg viewBox=\"0 0 16 16\" class=\"bi bi-check2-square\" height=\"16\" width=\"16\" xmlns=\"http:\/\/www.w3.org\/2000\/svg\">   <path d=\"M3 14.5A1.5 1.5 0 0 1 1.5 13V3A1.5 1.5 0 0 1 3 1.5h8a.5.5 0 0 1 0 1H3a.5.5 0 0 0-.5.5v10a.5.5 0 0 0 .5.5h10a.5.5 0 0 0 .5-.5V8a.5.5 0 0 1 1 0v5a1.5 1.5 0 0 1-1.5 1.5H3z\"><\/path>   <path d=\"m8.354 10.354 7-7a.5.5 0 0 0-.708-.708L8 9.293 5.354 6.646a.5.5 0 1 0-.708.708l3 3a.5.5 0 0 0 .708 0z\"><\/path> <\/svg><\/span><span class=\"gb-headline-text\">Recursos y material de calidad.<\/span><\/p>\n\n\n\n<p class=\"gb-headline gb-headline-c1939492\"><span class=\"gb-icon\"><svg viewBox=\"0 0 16 16\" class=\"bi bi-check2-square\" height=\"16\" width=\"16\" xmlns=\"http:\/\/www.w3.org\/2000\/svg\">   <path d=\"M3 14.5A1.5 1.5 0 0 1 1.5 13V3A1.5 1.5 0 0 1 3 1.5h8a.5.5 0 0 1 0 1H3a.5.5 0 0 0-.5.5v10a.5.5 0 0 0 .5.5h10a.5.5 0 0 0 .5-.5V8a.5.5 0 0 1 1 0v5a1.5 1.5 0 0 1-1.5 1.5H3z\"><\/path>   <path d=\"m8.354 10.354 7-7a.5.5 0 0 0-.708-.708L8 9.293 5.354 6.646a.5.5 0 1 0-.708.708l3 3a.5.5 0 0 0 .708 0z\"><\/path> <\/svg><\/span><span class=\"gb-headline-text\">Simulacros de ex\u00e1menes para B1, B2 y C1 de Cambridge.<\/span><\/p>\n\n<\/div>\n<\/section>\n\n<section class=\"gb-container gb-container-55a7749b\">\n<div class=\"gb-container gb-container-df0fae94\">\n\n<h2 class=\"gb-headline gb-headline-af08463c gb-headline-text\">Formaci\u00f3n complementaria de excelencia<\/h2>\n\n\n\n<p class=\"has-contrast-2-color has-text-color\" style=\"font-size:18px\"><strong>Ofrecemos formaci\u00f3n complementaria en alianza con partners tecnol\u00f3gicos de primer nivel, proporcionando acceso a las \u00faltimas herramientas y tendencias del mercado.<\/strong> <\/p>\n\n\n\n<p class=\"has-contrast-2-color has-text-color\" style=\"font-size:18px\">Talleres pr\u00e1cticos y certificaciones especializadas preparan a los alumnos para destacar en un mercado laboral competitivo.<\/p>\n\n\n\n<p class=\"gb-headline gb-headline-63b91d03\"><span class=\"gb-icon\"><svg viewBox=\"0 0 16 16\" class=\"bi bi-check2-square\" height=\"16\" width=\"16\" xmlns=\"http:\/\/www.w3.org\/2000\/svg\">   <path d=\"M3 14.5A1.5 1.5 0 0 1 1.5 13V3A1.5 1.5 0 0 1 3 1.5h8a.5.5 0 0 1 0 1H3a.5.5 0 0 0-.5.5v10a.5.5 0 0 0 .5.5h10a.5.5 0 0 0 .5-.5V8a.5.5 0 0 1 1 0v5a1.5 1.5 0 0 1-1.5 1.5H3z\"><\/path>   <path d=\"m8.354 10.354 7-7a.5.5 0 0 0-.708-.708L8 9.293 5.354 6.646a.5.5 0 1 0-.708.708l3 3a.5.5 0 0 0 .708 0z\"><\/path> <\/svg><\/span><span class=\"gb-headline-text\">Alianzas con l\u00edderes tecnol\u00f3gicos.<\/span><\/p>\n\n\n\n<p class=\"gb-headline gb-headline-f3d26fc2\"><span class=\"gb-icon\"><svg viewBox=\"0 0 16 16\" class=\"bi bi-check2-square\" height=\"16\" width=\"16\" xmlns=\"http:\/\/www.w3.org\/2000\/svg\">   <path d=\"M3 14.5A1.5 1.5 0 0 1 1.5 13V3A1.5 1.5 0 0 1 3 1.5h8a.5.5 0 0 1 0 1H3a.5.5 0 0 0-.5.5v10a.5.5 0 0 0 .5.5h10a.5.5 0 0 0 .5-.5V8a.5.5 0 0 1 1 0v5a1.5 1.5 0 0 1-1.5 1.5H3z\"><\/path>   <path d=\"m8.354 10.354 7-7a.5.5 0 0 0-.708-.708L8 9.293 5.354 6.646a.5.5 0 1 0-.708.708l3 3a.5.5 0 0 0 .708 0z\"><\/path> <\/svg><\/span><span class=\"gb-headline-text\">Programas de actualizaci\u00f3n continua.<\/span><\/p>\n\n\n\n<p class=\"gb-headline gb-headline-7e374e64\"><span class=\"gb-icon\"><svg viewBox=\"0 0 16 16\" class=\"bi bi-check2-square\" height=\"16\" width=\"16\" xmlns=\"http:\/\/www.w3.org\/2000\/svg\">   <path d=\"M3 14.5A1.5 1.5 0 0 1 1.5 13V3A1.5 1.5 0 0 1 3 1.5h8a.5.5 0 0 1 0 1H3a.5.5 0 0 0-.5.5v10a.5.5 0 0 0 .5.5h10a.5.5 0 0 0 .5-.5V8a.5.5 0 0 1 1 0v5a1.5 1.5 0 0 1-1.5 1.5H3z\"><\/path>   <path d=\"m8.354 10.354 7-7a.5.5 0 0 0-.708-.708L8 9.293 5.354 6.646a.5.5 0 1 0-.708.708l3 3a.5.5 0 0 0 .708 0z\"><\/path> <\/svg><\/span><span class=\"gb-headline-text\">Certificaciones Profesionales orientadas ala empleabilidad.<\/span><\/p>\n\n\n\n<p class=\"gb-headline gb-headline-0e8b1d68\"><span class=\"gb-icon\"><svg viewBox=\"0 0 16 16\" class=\"bi bi-check2-square\" height=\"16\" width=\"16\" xmlns=\"http:\/\/www.w3.org\/2000\/svg\">   <path d=\"M3 14.5A1.5 1.5 0 0 1 1.5 13V3A1.5 1.5 0 0 1 3 1.5h8a.5.5 0 0 1 0 1H3a.5.5 0 0 0-.5.5v10a.5.5 0 0 0 .5.5h10a.5.5 0 0 0 .5-.5V8a.5.5 0 0 1 1 0v5a1.5 1.5 0 0 1-1.5 1.5H3z\"><\/path>   <path d=\"m8.354 10.354 7-7a.5.5 0 0 0-.708-.708L8 9.293 5.354 6.646a.5.5 0 1 0-.708.708l3 3a.5.5 0 0 0 .708 0z\"><\/path> <\/svg><\/span><span class=\"gb-headline-text\">Acceso a recursos y herramientas exclusivas.<\/span><\/p>\n\n<\/div>\n\n<div class=\"gb-container gb-container-d64c98b9\"><\/div>\n<\/section>\n\n<section class=\"gb-container gb-container-c84aa8a8\">\n<div class=\"gb-container gb-container-af324ae2\"><\/div>\n\n<div class=\"gb-container gb-container-e053cedf\">\n\n<h2 class=\"gb-headline gb-headline-7ee641a3 gb-headline-text\">Contactos con Empresas a trav\u00e9s de nuestra bolsa de trabajo<\/h2>\n\n\n\n<p class=\"has-contrast-2-color has-text-color\" style=\"font-size:18px\"><strong>Nuestros contactos en empresas del \u00e1rea de Vigo son consistentes y basados en la reputaci\u00f3n del equipo profesional que conforma los CICLOS de CALASANCIAS.<\/strong><\/p>\n\n\n\n<p class=\"has-contrast-2-color has-text-color\">Ofrecemos un servicio exclusivo de Contactos con Empresas a trav\u00e9s de nuestra Bolsa de Trabajo, que te conectar\u00e1 directamente con empleadores y te abrir\u00e1 las puertas hacia una exitosa carrera.<\/p>\n\n\n\n<p class=\"gb-headline gb-headline-6222dc44\"><span class=\"gb-icon\"><svg viewBox=\"0 0 16 16\" class=\"bi bi-check2-square\" height=\"16\" width=\"16\" xmlns=\"http:\/\/www.w3.org\/2000\/svg\">   <path d=\"M3 14.5A1.5 1.5 0 0 1 1.5 13V3A1.5 1.5 0 0 1 3 1.5h8a.5.5 0 0 1 0 1H3a.5.5 0 0 0-.5.5v10a.5.5 0 0 0 .5.5h10a.5.5 0 0 0 .5-.5V8a.5.5 0 0 1 1 0v5a1.5 1.5 0 0 1-1.5 1.5H3z\"><\/path>   <path d=\"m8.354 10.354 7-7a.5.5 0 0 0-.708-.708L8 9.293 5.354 6.646a.5.5 0 1 0-.708.708l3 3a.5.5 0 0 0 .708 0z\"><\/path> <\/svg><\/span><span class=\"gb-headline-text\">Acceso exclusivo a oportunidades laborales.<\/span><\/p>\n\n\n\n<p class=\"gb-headline gb-headline-9eb068fe\"><span class=\"gb-icon\"><svg viewBox=\"0 0 16 16\" class=\"bi bi-check2-square\" height=\"16\" width=\"16\" xmlns=\"http:\/\/www.w3.org\/2000\/svg\">   <path d=\"M3 14.5A1.5 1.5 0 0 1 1.5 13V3A1.5 1.5 0 0 1 3 1.5h8a.5.5 0 0 1 0 1H3a.5.5 0 0 0-.5.5v10a.5.5 0 0 0 .5.5h10a.5.5 0 0 0 .5-.5V8a.5.5 0 0 1 1 0v5a1.5 1.5 0 0 1-1.5 1.5H3z\"><\/path>   <path d=\"m8.354 10.354 7-7a.5.5 0 0 0-.708-.708L8 9.293 5.354 6.646a.5.5 0 1 0-.708.708l3 3a.5.5 0 0 0 .708 0z\"><\/path> <\/svg><\/span><span class=\"gb-headline-text\">Empresas de renombre y oportunidades de crecimiento.<\/span><\/p>\n\n\n\n<p class=\"gb-headline gb-headline-443ad6b5\"><span class=\"gb-icon\"><svg viewBox=\"0 0 16 16\" class=\"bi bi-check2-square\" height=\"16\" width=\"16\" xmlns=\"http:\/\/www.w3.org\/2000\/svg\">   <path d=\"M3 14.5A1.5 1.5 0 0 1 1.5 13V3A1.5 1.5 0 0 1 3 1.5h8a.5.5 0 0 1 0 1H3a.5.5 0 0 0-.5.5v10a.5.5 0 0 0 .5.5h10a.5.5 0 0 0 .5-.5V8a.5.5 0 0 1 1 0v5a1.5 1.5 0 0 1-1.5 1.5H3z\"><\/path>   <path d=\"m8.354 10.354 7-7a.5.5 0 0 0-.708-.708L8 9.293 5.354 6.646a.5.5 0 1 0-.708.708l3 3a.5.5 0 0 0 .708 0z\"><\/path> <\/svg><\/span><span class=\"gb-headline-text\">Actualizaciones regulares sobre nuevas oportunidades.<\/span><\/p>\n\n\n\n<p class=\"gb-headline gb-headline-ef9817e4\"><span class=\"gb-icon\"><svg viewBox=\"0 0 16 16\" class=\"bi bi-check2-square\" height=\"16\" width=\"16\" xmlns=\"http:\/\/www.w3.org\/2000\/svg\">   <path d=\"M3 14.5A1.5 1.5 0 0 1 1.5 13V3A1.5 1.5 0 0 1 3 1.5h8a.5.5 0 0 1 0 1H3a.5.5 0 0 0-.5.5v10a.5.5 0 0 0 .5.5h10a.5.5 0 0 0 .5-.5V8a.5.5 0 0 1 1 0v5a1.5 1.5 0 0 1-1.5 1.5H3z\"><\/path>   <path d=\"m8.354 10.354 7-7a.5.5 0 0 0-.708-.708L8 9.293 5.354 6.646a.5.5 0 1 0-.708.708l3 3a.5.5 0 0 0 .708 0z\"><\/path> <\/svg><\/span><span class=\"gb-headline-text\">Networking y conexiones profesionales.<\/span><\/p>\n\n<\/div>\n<\/section>","protected":false},"excerpt":{"rendered":"<p>actividades extraordinarias que ofrece nuestro centro La adaptaci\u00f3n a la caracter\u00edsticas de un alumno para conseguir un mayor nivel de obtenci\u00f3n de \u00e9xito es fundamental en cualquier centro educativo, estas actividades extraordinarias son algunas de las que proponemos a todos nuestros alumnos, pero si tienes alguna necesidad espec\u00edfica no dudes en solicitarla, estamos a tu &#8230; <a title=\"Servicios extraordinarios CICLOS CALASANCIAS\" class=\"read-more\" href=\"https:\/\/institutotecnologicoempresarial.com\/opcion3\/services\/\" aria-label=\"M\u00e1s en Servicios extraordinarios CICLOS CALASANCIAS\">Leer m\u00e1s<\/a><\/p>\n","protected":false},"author":1,"featured_media":0,"parent":0,"menu_order":0,"comment_status":"closed","ping_status":"closed","template":"","meta":{"footnotes":""},"class_list":["post-31","page","type-page","status-publish"],"_links":{"self":[{"href":"https:\/\/institutotecnologicoempresarial.com\/opcion3\/wp-json\/wp\/v2\/pages\/31","targetHints":{"allow":["GET"]}}],"collection":[{"href":"https:\/\/institutotecnologicoempresarial.com\/opcion3\/wp-json\/wp\/v2\/pages"}],"about":[{"href":"https:\/\/institutotecnologicoempresarial.com\/opcion3\/wp-json\/wp\/v2\/types\/page"}],"author":[{"embeddable":true,"href":"https:\/\/institutotecnologicoempresarial.com\/opcion3\/wp-json\/wp\/v2\/users\/1"}],"replies":[{"embeddable":true,"href":"https:\/\/institutotecnologicoempresarial.com\/opcion3\/wp-json\/wp\/v2\/comments?post=31"}],"version-history":[{"count":16,"href":"https:\/\/institutotecnologicoempresarial.com\/opcion3\/wp-json\/wp\/v2\/pages\/31\/revisions"}],"predecessor-version":[{"id":1921,"href":"https:\/\/institutotecnologicoempresarial.com\/opcion3\/wp-json\/wp\/v2\/pages\/31\/revisions\/1921"}],"wp:attachment":[{"href":"https:\/\/institutotecnologicoempresarial.com\/opcion3\/wp-json\/wp\/v2\/media?parent=31"}],"curies":[{"name":"wp","href":"https:\/\/api.w.org\/{rel}","templated":true}]}}